{"id":219,"date":"2017-02-23T14:57:47","date_gmt":"2017-02-23T14:57:47","guid":{"rendered":"http:\/\/legioblocknew.wpengine.com\/de\/?page_id=219"},"modified":"2020-10-15T12:50:26","modified_gmt":"2020-10-15T12:50:26","slug":"fahrsilos","status":"publish","type":"page","link":"https:\/\/www.legioblock.com\/de\/loesungen\/fahrsilos","title":{"rendered":"Fahrsilos"},"content":{"rendered":"","protected":false},"excerpt":{"rendered":"","protected":false},"author":2,"featured_media":0,"parent":214,"menu_order":4,"comment_status":"closed","ping_status":"closed","template":"","meta":{"_acf_changed":false,"footnotes":""},"class_list":["post-219","page","type-page","status-publish","hentry"],"acf":[],"yoast_head":"\nLegioblock - eine flexible L\u00f6sung f\u00fcr den Bau von Fahrsilos<\/title>\n<meta name=\"description\" content=\"F\u00fcr den Bau von Fahrsilos bietet das Legioblock Bausystem von Bocksteine eine flexible, sehr schnelle und sofort einsatzbereite L\u00f6sung.\" \/>\n<meta name=\"robots\" content=\"index, follow, max-snippet:-1, max-image-preview:large, max-video-preview:-1\" \/>\n<link rel=\"canonical\" href=\"https:\/\/www.legioblock.com\/de\/loesungen\/fahrsilos\" \/>\n<meta property=\"og:locale\" content=\"de_DE\" \/>\n<meta property=\"og:type\" content=\"article\" \/>\n<meta property=\"og:title\" content=\"Legioblock - eine flexible L\u00f6sung f\u00fcr den Bau von Fahrsilos\" \/>\n<meta property=\"og:description\" content=\"F\u00fcr den Bau von Fahrsilos bietet das Legioblock Bausystem von Bocksteine eine flexible, sehr schnelle und sofort einsatzbereite L\u00f6sung.\" \/>\n<meta property=\"og:url\" content=\"https:\/\/www.legioblock.com\/de\/loesungen\/fahrsilos\" \/>\n<meta property=\"og:site_name\" content=\"Legioblock DE\" \/>\n<meta property=\"article:modified_time\" content=\"2020-10-15T12:50:26+00:00\" \/>\n<meta name=\"twitter:card\" content=\"summary_large_image\" \/>\n<script type=\"application\/ld+json\" class=\"yoast-schema-graph\">{\"@context\":\"https:\\\/\\\/schema.org\",\"@graph\":[{\"@type\":\"WebPage\",\"@id\":\"https:\\\/\\\/www.legioblock.com\\\/de\\\/loesungen\\\/fahrsilos\",\"url\":\"https:\\\/\\\/www.legioblock.com\\\/de\\\/loesungen\\\/fahrsilos\",\"name\":\"Legioblock - eine flexible L\u00f6sung f\u00fcr den Bau von Fahrsilos\",\"isPartOf\":{\"@id\":\"https:\\\/\\\/www.legioblock.com\\\/de\\\/#website\"},\"datePublished\":\"2017-02-23T14:57:47+00:00\",\"dateModified\":\"2020-10-15T12:50:26+00:00\",\"description\":\"F\u00fcr den Bau von Fahrsilos bietet das Legioblock Bausystem von Bocksteine eine flexible, sehr schnelle und sofort einsatzbereite L\u00f6sung.\",\"breadcrumb\":{\"@id\":\"https:\\\/\\\/www.legioblock.com\\\/de\\\/loesungen\\\/fahrsilos#breadcrumb\"},\"inLanguage\":\"de\",\"potentialAction\":[{\"@type\":\"ReadAction\",\"target\":[\"https:\\\/\\\/www.legioblock.com\\\/de\\\/loesungen\\\/fahrsilos\"]}]},{\"@type\":\"BreadcrumbList\",\"@id\":\"https:\\\/\\\/www.legioblock.com\\\/de\\\/loesungen\\\/fahrsilos#breadcrumb\",\"itemListElement\":[{\"@type\":\"ListItem\",\"position\":1,\"name\":\"Home\",\"item\":\"https:\\\/\\\/www.legioblock.com\\\/de\\\/\"},{\"@type\":\"ListItem\",\"position\":2,\"name\":\"L\u00f6sungen\",\"item\":\"https:\\\/\\\/www.legioblock.com\\\/de\\\/loesungen\"},{\"@type\":\"ListItem\",\"position\":3,\"name\":\"Fahrsilos\"}]},{\"@type\":\"WebSite\",\"@id\":\"https:\\\/\\\/www.legioblock.com\\\/de\\\/#website\",\"url\":\"https:\\\/\\\/www.legioblock.com\\\/de\\\/\",\"name\":\"Legioblock DE\",\"description\":\"\",\"potentialAction\":[{\"@type\":\"SearchAction\",\"target\":{\"@type\":\"EntryPoint\",\"urlTemplate\":\"https:\\\/\\\/www.legioblock.com\\\/de\\\/?s={search_term_string}\"},\"query-input\":{\"@type\":\"PropertyValueSpecification\",\"valueRequired\":true,\"valueName\":\"search_term_string\"}}],\"inLanguage\":\"de\"}]}<\/script>\n<!-- \/ Yoast SEO plugin. -->","yoast_head_json":{"title":"Legioblock - eine flexible L\u00f6sung f\u00fcr den Bau von Fahrsilos","description":"F\u00fcr den Bau von Fahrsilos bietet das Legioblock Bausystem von Bocksteine eine flexible, sehr schnelle und sofort einsatzbereite L\u00f6sung.","robots":{"index":"index","follow":"follow","max-snippet":"max-snippet:-1","max-image-preview":"max-image-preview:large","max-video-preview":"max-video-preview:-1"},"canonical":"https:\/\/www.legioblock.com\/de\/loesungen\/fahrsilos","og_locale":"de_DE","og_type":"article","og_title":"Legioblock - eine flexible L\u00f6sung f\u00fcr den Bau von Fahrsilos","og_description":"F\u00fcr den Bau von Fahrsilos bietet das Legioblock Bausystem von Bocksteine eine flexible, sehr schnelle und sofort einsatzbereite L\u00f6sung.","og_url":"https:\/\/www.legioblock.com\/de\/loesungen\/fahrsilos","og_site_name":"Legioblock DE","article_modified_time":"2020-10-15T12:50:26+00:00","twitter_card":"summary_large_image","schema":{"@context":"https:\/\/schema.org","@graph":[{"@type":"WebPage","@id":"https:\/\/www.legioblock.com\/de\/loesungen\/fahrsilos","url":"https:\/\/www.legioblock.com\/de\/loesungen\/fahrsilos","name":"Legioblock - eine flexible L\u00f6sung f\u00fcr den Bau von Fahrsilos","isPartOf":{"@id":"https:\/\/www.legioblock.com\/de\/#website"},"datePublished":"2017-02-23T14:57:47+00:00","dateModified":"2020-10-15T12:50:26+00:00","description":"F\u00fcr den Bau von Fahrsilos bietet das Legioblock Bausystem von Bocksteine eine flexible, sehr schnelle und sofort einsatzbereite L\u00f6sung.","breadcrumb":{"@id":"https:\/\/www.legioblock.com\/de\/loesungen\/fahrsilos#breadcrumb"},"inLanguage":"de","potentialAction":[{"@type":"ReadAction","target":["https:\/\/www.legioblock.com\/de\/loesungen\/fahrsilos"]}]},{"@type":"BreadcrumbList","@id":"https:\/\/www.legioblock.com\/de\/loesungen\/fahrsilos#breadcrumb","itemListElement":[{"@type":"ListItem","position":1,"name":"Home","item":"https:\/\/www.legioblock.com\/de\/"},{"@type":"ListItem","position":2,"name":"L\u00f6sungen","item":"https:\/\/www.legioblock.com\/de\/loesungen"},{"@type":"ListItem","position":3,"name":"Fahrsilos"}]},{"@type":"WebSite","@id":"https:\/\/www.legioblock.com\/de\/#website","url":"https:\/\/www.legioblock.com\/de\/","name":"Legioblock DE","description":"","potentialAction":[{"@type":"SearchAction","target":{"@type":"EntryPoint","urlTemplate":"https:\/\/www.legioblock.com\/de\/?s={search_term_string}"},"query-input":{"@type":"PropertyValueSpecification","valueRequired":true,"valueName":"search_term_string"}}],"inLanguage":"de"}]}},"_links":{"self":[{"href":"https:\/\/www.legioblock.com\/de\/wp-json\/wp\/v2\/pages\/219","targetHints":{"allow":["GET"]}}],"collection":[{"href":"https:\/\/www.legioblock.com\/de\/wp-json\/wp\/v2\/pages"}],"about":[{"href":"https:\/\/www.legioblock.com\/de\/wp-json\/wp\/v2\/types\/page"}],"author":[{"embeddable":true,"href":"https:\/\/www.legioblock.com\/de\/wp-json\/wp\/v2\/users\/2"}],"replies":[{"embeddable":true,"href":"https:\/\/www.legioblock.com\/de\/wp-json\/wp\/v2\/comments?post=219"}],"version-history":[{"count":0,"href":"https:\/\/www.legioblock.com\/de\/wp-json\/wp\/v2\/pages\/219\/revisions"}],"up":[{"embeddable":true,"href":"https:\/\/www.legioblock.com\/de\/wp-json\/wp\/v2\/pages\/214"}],"wp:attachment":[{"href":"https:\/\/www.legioblock.com\/de\/wp-json\/wp\/v2\/media?parent=219"}],"curies":[{"name":"wp","href":"https:\/\/api.w.org\/{rel}","templated":true}]}}