{"id":495,"date":"2017-03-17T07:17:11","date_gmt":"2017-03-17T07:17:11","guid":{"rendered":"http:\/\/legioblocknew.wpengine.com\/de\/?page_id=495"},"modified":"2025-12-04T09:36:55","modified_gmt":"2025-12-04T09:36:55","slug":"uber-uns","status":"publish","type":"page","link":"https:\/\/www.legioblock.com\/de\/uber-uns","title":{"rendered":"\u00dcber uns"},"content":{"rendered":"","protected":false},"excerpt":{"rendered":"","protected":false},"author":2,"featured_media":0,"parent":0,"menu_order":6,"comment_status":"closed","ping_status":"closed","template":"","meta":{"_acf_changed":false,"footnotes":""},"class_list":["post-495","page","type-page","status-publish","hentry"],"acf":[],"yoast_head":"\nLegioblock Betonbl\u00f6cken - \u00dcber uns<\/title>\n<meta name=\"description\" content=\"Legioblock ist ein Bausystem aus stapelbaren Betonbl\u00f6cken von hochwertige Qualit\u00e4t und seit mehr als 45 Jahren erwiesenerma\u00dfen zuverl\u00e4ssig.\" \/>\n<meta name=\"robots\" content=\"index, follow, max-snippet:-1, max-image-preview:large, max-video-preview:-1\" \/>\n<link rel=\"canonical\" href=\"https:\/\/www.legioblock.com\/de\/uber-uns\" \/>\n<meta property=\"og:locale\" content=\"de_DE\" \/>\n<meta property=\"og:type\" content=\"article\" \/>\n<meta property=\"og:title\" content=\"Legioblock Betonbl\u00f6cken - \u00dcber uns\" \/>\n<meta property=\"og:description\" content=\"Legioblock ist ein Bausystem aus stapelbaren Betonbl\u00f6cken von hochwertige Qualit\u00e4t und seit mehr als 45 Jahren erwiesenerma\u00dfen zuverl\u00e4ssig.\" \/>\n<meta property=\"og:url\" content=\"https:\/\/www.legioblock.com\/de\/uber-uns\" \/>\n<meta property=\"og:site_name\" content=\"Legioblock DE\" \/>\n<meta property=\"article:modified_time\" content=\"2025-12-04T09:36:55+00:00\" \/>\n<meta name=\"twitter:card\" content=\"summary_large_image\" \/>\n<meta name=\"twitter:label1\" content=\"Gesch\u00e4tzte Lesezeit\" \/>\n\t<meta name=\"twitter:data1\" content=\"2\u00a0Minuten\" \/>\n<script type=\"application\/ld+json\" class=\"yoast-schema-graph\">{\"@context\":\"https:\\\/\\\/schema.org\",\"@graph\":[{\"@type\":\"WebPage\",\"@id\":\"https:\\\/\\\/www.legioblock.com\\\/de\\\/uber-uns\",\"url\":\"https:\\\/\\\/www.legioblock.com\\\/de\\\/uber-uns\",\"name\":\"Legioblock Betonbl\u00f6cken - \u00dcber uns\",\"isPartOf\":{\"@id\":\"https:\\\/\\\/www.legioblock.com\\\/de\\\/#website\"},\"datePublished\":\"2017-03-17T07:17:11+00:00\",\"dateModified\":\"2025-12-04T09:36:55+00:00\",\"description\":\"Legioblock ist ein Bausystem aus stapelbaren Betonbl\u00f6cken von hochwertige Qualit\u00e4t und seit mehr als 45 Jahren erwiesenerma\u00dfen zuverl\u00e4ssig.\",\"breadcrumb\":{\"@id\":\"https:\\\/\\\/www.legioblock.com\\\/de\\\/uber-uns#breadcrumb\"},\"inLanguage\":\"de\",\"potentialAction\":[{\"@type\":\"ReadAction\",\"target\":[\"https:\\\/\\\/www.legioblock.com\\\/de\\\/uber-uns\"]}]},{\"@type\":\"BreadcrumbList\",\"@id\":\"https:\\\/\\\/www.legioblock.com\\\/de\\\/uber-uns#breadcrumb\",\"itemListElement\":[{\"@type\":\"ListItem\",\"position\":1,\"name\":\"Home\",\"item\":\"https:\\\/\\\/www.legioblock.com\\\/de\\\/\"},{\"@type\":\"ListItem\",\"position\":2,\"name\":\"\u00dcber uns\"}]},{\"@type\":\"WebSite\",\"@id\":\"https:\\\/\\\/www.legioblock.com\\\/de\\\/#website\",\"url\":\"https:\\\/\\\/www.legioblock.com\\\/de\\\/\",\"name\":\"Legioblock DE\",\"description\":\"\",\"potentialAction\":[{\"@type\":\"SearchAction\",\"target\":{\"@type\":\"EntryPoint\",\"urlTemplate\":\"https:\\\/\\\/www.legioblock.com\\\/de\\\/?s={search_term_string}\"},\"query-input\":{\"@type\":\"PropertyValueSpecification\",\"valueRequired\":true,\"valueName\":\"search_term_string\"}}],\"inLanguage\":\"de\"}]}<\/script>\n<!-- \/ Yoast SEO plugin. -->","yoast_head_json":{"title":"Legioblock Betonbl\u00f6cken - \u00dcber uns","description":"Legioblock ist ein Bausystem aus stapelbaren Betonbl\u00f6cken von hochwertige Qualit\u00e4t und seit mehr als 45 Jahren erwiesenerma\u00dfen zuverl\u00e4ssig.","robots":{"index":"index","follow":"follow","max-snippet":"max-snippet:-1","max-image-preview":"max-image-preview:large","max-video-preview":"max-video-preview:-1"},"canonical":"https:\/\/www.legioblock.com\/de\/uber-uns","og_locale":"de_DE","og_type":"article","og_title":"Legioblock Betonbl\u00f6cken - \u00dcber uns","og_description":"Legioblock ist ein Bausystem aus stapelbaren Betonbl\u00f6cken von hochwertige Qualit\u00e4t und seit mehr als 45 Jahren erwiesenerma\u00dfen zuverl\u00e4ssig.","og_url":"https:\/\/www.legioblock.com\/de\/uber-uns","og_site_name":"Legioblock DE","article_modified_time":"2025-12-04T09:36:55+00:00","twitter_card":"summary_large_image","twitter_misc":{"Gesch\u00e4tzte Lesezeit":"2\u00a0Minuten"},"schema":{"@context":"https:\/\/schema.org","@graph":[{"@type":"WebPage","@id":"https:\/\/www.legioblock.com\/de\/uber-uns","url":"https:\/\/www.legioblock.com\/de\/uber-uns","name":"Legioblock Betonbl\u00f6cken - \u00dcber uns","isPartOf":{"@id":"https:\/\/www.legioblock.com\/de\/#website"},"datePublished":"2017-03-17T07:17:11+00:00","dateModified":"2025-12-04T09:36:55+00:00","description":"Legioblock ist ein Bausystem aus stapelbaren Betonbl\u00f6cken von hochwertige Qualit\u00e4t und seit mehr als 45 Jahren erwiesenerma\u00dfen zuverl\u00e4ssig.","breadcrumb":{"@id":"https:\/\/www.legioblock.com\/de\/uber-uns#breadcrumb"},"inLanguage":"de","potentialAction":[{"@type":"ReadAction","target":["https:\/\/www.legioblock.com\/de\/uber-uns"]}]},{"@type":"BreadcrumbList","@id":"https:\/\/www.legioblock.com\/de\/uber-uns#breadcrumb","itemListElement":[{"@type":"ListItem","position":1,"name":"Home","item":"https:\/\/www.legioblock.com\/de\/"},{"@type":"ListItem","position":2,"name":"\u00dcber uns"}]},{"@type":"WebSite","@id":"https:\/\/www.legioblock.com\/de\/#website","url":"https:\/\/www.legioblock.com\/de\/","name":"Legioblock DE","description":"","potentialAction":[{"@type":"SearchAction","target":{"@type":"EntryPoint","urlTemplate":"https:\/\/www.legioblock.com\/de\/?s={search_term_string}"},"query-input":{"@type":"PropertyValueSpecification","valueRequired":true,"valueName":"search_term_string"}}],"inLanguage":"de"}]}},"_links":{"self":[{"href":"https:\/\/www.legioblock.com\/de\/wp-json\/wp\/v2\/pages\/495","targetHints":{"allow":["GET"]}}],"collection":[{"href":"https:\/\/www.legioblock.com\/de\/wp-json\/wp\/v2\/pages"}],"about":[{"href":"https:\/\/www.legioblock.com\/de\/wp-json\/wp\/v2\/types\/page"}],"author":[{"embeddable":true,"href":"https:\/\/www.legioblock.com\/de\/wp-json\/wp\/v2\/users\/2"}],"replies":[{"embeddable":true,"href":"https:\/\/www.legioblock.com\/de\/wp-json\/wp\/v2\/comments?post=495"}],"version-history":[{"count":5,"href":"https:\/\/www.legioblock.com\/de\/wp-json\/wp\/v2\/pages\/495\/revisions"}],"predecessor-version":[{"id":1540,"href":"https:\/\/www.legioblock.com\/de\/wp-json\/wp\/v2\/pages\/495\/revisions\/1540"}],"wp:attachment":[{"href":"https:\/\/www.legioblock.com\/de\/wp-json\/wp\/v2\/media?parent=495"}],"curies":[{"name":"wp","href":"https:\/\/api.w.org\/{rel}","templated":true}]}}