{"id":217,"date":"2017-02-23T14:52:15","date_gmt":"2017-02-23T14:52:15","guid":{"rendered":"http:\/\/legioblocknew.wpengine.com\/fr\/?page_id=217"},"modified":"2024-07-11T11:58:02","modified_gmt":"2024-07-11T11:58:02","slug":"casiers-de-stockage-en-beton","status":"publish","type":"page","link":"https:\/\/www.legioblock.com\/fr\/solutions\/casiers-de-stockage-en-beton","title":{"rendered":"Casiers de stockage en b\u00e9ton"},"content":{"rendered":"","protected":false},"excerpt":{"rendered":"","protected":false},"author":28,"featured_media":0,"parent":214,"menu_order":1,"comment_status":"closed","ping_status":"closed","template":"","meta":{"_acf_changed":false,"footnotes":""},"class_list":["post-217","page","type-page","status-publish","hentry"],"acf":[],"yoast_head":"\nCasiers de stockage pour mati\u00e8res en vrac - blocs b\u00e9ton embo\u00eetables<\/title>\n<meta name=\"description\" content=\"Les blocs b\u00e9ton embo\u00eetables Legioblock sont la solution id\u00e9ale pour la construction de vos casiers de stockage de mati\u00e8res en vrac et mat\u00e9riaux sensibles au feu.\" \/>\n<meta name=\"robots\" content=\"index, follow, max-snippet:-1, max-image-preview:large, max-video-preview:-1\" \/>\n<link rel=\"canonical\" href=\"https:\/\/www.legioblock.com\/fr\/solutions\/casiers-de-stockage-en-beton\" \/>\n<meta property=\"og:locale\" content=\"fr_FR\" \/>\n<meta property=\"og:type\" content=\"article\" \/>\n<meta property=\"og:title\" content=\"Casiers de stockage pour mati\u00e8res en vrac - blocs b\u00e9ton embo\u00eetables\" \/>\n<meta property=\"og:description\" content=\"Les blocs b\u00e9ton embo\u00eetables Legioblock sont la solution id\u00e9ale pour la construction de vos casiers de stockage de mati\u00e8res en vrac et mat\u00e9riaux sensibles au feu.\" \/>\n<meta property=\"og:url\" content=\"https:\/\/www.legioblock.com\/fr\/solutions\/casiers-de-stockage-en-beton\" \/>\n<meta property=\"og:site_name\" content=\"Legioblock FR\" \/>\n<meta property=\"article:modified_time\" content=\"2024-07-11T11:58:02+00:00\" \/>\n<meta name=\"twitter:card\" content=\"summary_large_image\" \/>\n<meta name=\"twitter:label1\" content=\"Dur\u00e9e de lecture estim\u00e9e\" \/>\n\t<meta name=\"twitter:data1\" content=\"3 minutes\" \/>\n<script type=\"application\/ld+json\" class=\"yoast-schema-graph\">{\"@context\":\"https:\\\/\\\/schema.org\",\"@graph\":[{\"@type\":\"WebPage\",\"@id\":\"https:\\\/\\\/www.legioblock.com\\\/fr\\\/solutions\\\/casiers-de-stockage-en-beton\",\"url\":\"https:\\\/\\\/www.legioblock.com\\\/fr\\\/solutions\\\/casiers-de-stockage-en-beton\",\"name\":\"Casiers de stockage pour mati\u00e8res en vrac - blocs b\u00e9ton embo\u00eetables\",\"isPartOf\":{\"@id\":\"https:\\\/\\\/www.legioblock.com\\\/fr\\\/#website\"},\"datePublished\":\"2017-02-23T14:52:15+00:00\",\"dateModified\":\"2024-07-11T11:58:02+00:00\",\"description\":\"Les blocs b\u00e9ton embo\u00eetables Legioblock sont la solution id\u00e9ale pour la construction de vos casiers de stockage de mati\u00e8res en vrac et mat\u00e9riaux sensibles au feu.\",\"breadcrumb\":{\"@id\":\"https:\\\/\\\/www.legioblock.com\\\/fr\\\/solutions\\\/casiers-de-stockage-en-beton#breadcrumb\"},\"inLanguage\":\"fr-FR\",\"potentialAction\":[{\"@type\":\"ReadAction\",\"target\":[\"https:\\\/\\\/www.legioblock.com\\\/fr\\\/solutions\\\/casiers-de-stockage-en-beton\"]}]},{\"@type\":\"BreadcrumbList\",\"@id\":\"https:\\\/\\\/www.legioblock.com\\\/fr\\\/solutions\\\/casiers-de-stockage-en-beton#breadcrumb\",\"itemListElement\":[{\"@type\":\"ListItem\",\"position\":1,\"name\":\"Home\",\"item\":\"https:\\\/\\\/www.legioblock.com\\\/fr\\\/\"},{\"@type\":\"ListItem\",\"position\":2,\"name\":\"Solutions\",\"item\":\"https:\\\/\\\/www.legioblock.com\\\/fr\\\/solutions\"},{\"@type\":\"ListItem\",\"position\":3,\"name\":\"Casiers de stockage en b\u00e9ton\"}]},{\"@type\":\"WebSite\",\"@id\":\"https:\\\/\\\/www.legioblock.com\\\/fr\\\/#website\",\"url\":\"https:\\\/\\\/www.legioblock.com\\\/fr\\\/\",\"name\":\"Legioblock FR\",\"description\":\"\",\"potentialAction\":[{\"@type\":\"SearchAction\",\"target\":{\"@type\":\"EntryPoint\",\"urlTemplate\":\"https:\\\/\\\/www.legioblock.com\\\/fr\\\/?s={search_term_string}\"},\"query-input\":{\"@type\":\"PropertyValueSpecification\",\"valueRequired\":true,\"valueName\":\"search_term_string\"}}],\"inLanguage\":\"fr-FR\"}]}<\/script>\n<!-- \/ Yoast SEO plugin. -->","yoast_head_json":{"title":"Casiers de stockage pour mati\u00e8res en vrac - blocs b\u00e9ton embo\u00eetables","description":"Les blocs b\u00e9ton embo\u00eetables Legioblock sont la solution id\u00e9ale pour la construction de vos casiers de stockage de mati\u00e8res en vrac et mat\u00e9riaux sensibles au feu.","robots":{"index":"index","follow":"follow","max-snippet":"max-snippet:-1","max-image-preview":"max-image-preview:large","max-video-preview":"max-video-preview:-1"},"canonical":"https:\/\/www.legioblock.com\/fr\/solutions\/casiers-de-stockage-en-beton","og_locale":"fr_FR","og_type":"article","og_title":"Casiers de stockage pour mati\u00e8res en vrac - blocs b\u00e9ton embo\u00eetables","og_description":"Les blocs b\u00e9ton embo\u00eetables Legioblock sont la solution id\u00e9ale pour la construction de vos casiers de stockage de mati\u00e8res en vrac et mat\u00e9riaux sensibles au feu.","og_url":"https:\/\/www.legioblock.com\/fr\/solutions\/casiers-de-stockage-en-beton","og_site_name":"Legioblock FR","article_modified_time":"2024-07-11T11:58:02+00:00","twitter_card":"summary_large_image","twitter_misc":{"Dur\u00e9e de lecture estim\u00e9e":"3 minutes"},"schema":{"@context":"https:\/\/schema.org","@graph":[{"@type":"WebPage","@id":"https:\/\/www.legioblock.com\/fr\/solutions\/casiers-de-stockage-en-beton","url":"https:\/\/www.legioblock.com\/fr\/solutions\/casiers-de-stockage-en-beton","name":"Casiers de stockage pour mati\u00e8res en vrac - blocs b\u00e9ton embo\u00eetables","isPartOf":{"@id":"https:\/\/www.legioblock.com\/fr\/#website"},"datePublished":"2017-02-23T14:52:15+00:00","dateModified":"2024-07-11T11:58:02+00:00","description":"Les blocs b\u00e9ton embo\u00eetables Legioblock sont la solution id\u00e9ale pour la construction de vos casiers de stockage de mati\u00e8res en vrac et mat\u00e9riaux sensibles au feu.","breadcrumb":{"@id":"https:\/\/www.legioblock.com\/fr\/solutions\/casiers-de-stockage-en-beton#breadcrumb"},"inLanguage":"fr-FR","potentialAction":[{"@type":"ReadAction","target":["https:\/\/www.legioblock.com\/fr\/solutions\/casiers-de-stockage-en-beton"]}]},{"@type":"BreadcrumbList","@id":"https:\/\/www.legioblock.com\/fr\/solutions\/casiers-de-stockage-en-beton#breadcrumb","itemListElement":[{"@type":"ListItem","position":1,"name":"Home","item":"https:\/\/www.legioblock.com\/fr\/"},{"@type":"ListItem","position":2,"name":"Solutions","item":"https:\/\/www.legioblock.com\/fr\/solutions"},{"@type":"ListItem","position":3,"name":"Casiers de stockage en b\u00e9ton"}]},{"@type":"WebSite","@id":"https:\/\/www.legioblock.com\/fr\/#website","url":"https:\/\/www.legioblock.com\/fr\/","name":"Legioblock FR","description":"","potentialAction":[{"@type":"SearchAction","target":{"@type":"EntryPoint","urlTemplate":"https:\/\/www.legioblock.com\/fr\/?s={search_term_string}"},"query-input":{"@type":"PropertyValueSpecification","valueRequired":true,"valueName":"search_term_string"}}],"inLanguage":"fr-FR"}]}},"_links":{"self":[{"href":"https:\/\/www.legioblock.com\/fr\/wp-json\/wp\/v2\/pages\/217","targetHints":{"allow":["GET"]}}],"collection":[{"href":"https:\/\/www.legioblock.com\/fr\/wp-json\/wp\/v2\/pages"}],"about":[{"href":"https:\/\/www.legioblock.com\/fr\/wp-json\/wp\/v2\/types\/page"}],"author":[{"embeddable":true,"href":"https:\/\/www.legioblock.com\/fr\/wp-json\/wp\/v2\/users\/28"}],"replies":[{"embeddable":true,"href":"https:\/\/www.legioblock.com\/fr\/wp-json\/wp\/v2\/comments?post=217"}],"version-history":[{"count":1,"href":"https:\/\/www.legioblock.com\/fr\/wp-json\/wp\/v2\/pages\/217\/revisions"}],"predecessor-version":[{"id":1174,"href":"https:\/\/www.legioblock.com\/fr\/wp-json\/wp\/v2\/pages\/217\/revisions\/1174"}],"up":[{"embeddable":true,"href":"https:\/\/www.legioblock.com\/fr\/wp-json\/wp\/v2\/pages\/214"}],"wp:attachment":[{"href":"https:\/\/www.legioblock.com\/fr\/wp-json\/wp\/v2\/media?parent=217"}],"curies":[{"name":"wp","href":"https:\/\/api.w.org\/{rel}","templated":true}]}}